{"id":6105,"date":"2020-11-03T09:03:40","date_gmt":"2020-11-03T09:03:40","guid":{"rendered":"https:\/\/bell-trade.de\/legal-notice\/"},"modified":"2026-04-19T08:52:16","modified_gmt":"2026-04-19T08:52:16","slug":"legal-notice","status":"publish","type":"page","link":"https:\/\/bell-trade.de\/en\/legal-notice\/","title":{"rendered":"Legal notice"},"content":{"rendered":"\n<h1 class=\"wp-block-heading\">Legal notice<\/h1>\n\n<p>Bell Trade GmbH &amp; Co. KG<br\/>Frankenstr. 14<br\/>40476 D\u00fcsseldorf<br\/>Germany<br\/><br\/>Tel.: +49 211 65853303<br\/>Fax: +49 211 65853304<br\/>Email: hello@bell-trade.de<br\/><br\/>Register court: D\u00fcsseldorf Local Court<br\/>Register number: HRA 26223<br\/><br\/>Authorized general partner (Komplement\u00e4rin): Bell Trade Verwaltungs GmbH, register court: D\u00fcsseldorf, register number: HRB 108635, represented by the managing directors: Matthias Koch, Angela Koch<br\/><br\/>VAT identification number: DE815888192<br\/><br\/>Person responsible within the meaning of \u00a7 18 para. 2 MStV:<br\/>Matthias Koch, Starenweg 12, 40468 D\u00fcsseldorf<br\/><br\/>We are neither obliged nor willing to participate in dispute resolution proceedings before a consumer arbitration board.<\/p>\n","protected":false},"excerpt":{"rendered":"<p>Legal notice Bell Trade GmbH &amp; Co. KGFrankenstr. 1440476 D\u00fcsseldorfGermany Tel.: +49 211 65853303Fax: +49 211 65853304Email: hello@bell-trade.de Register court: D\u00fcsseldorf Local CourtRegister number: HRA 26223 Authorized general partner (Komplement\u00e4rin): Bell Trade Verwaltungs GmbH, register court: D\u00fcsseldorf, register number: HRB 108635, represented by the managing directors: Matthias Koch, Angela Koch VAT identification number: DE815888192 Person&#8230;<\/p>\n","protected":false},"author":1,"featured_media":0,"parent":0,"menu_order":0,"comment_status":"closed","ping_status":"closed","template":"","meta":{"_kad_post_transparent":"","_kad_post_title":"","_kad_post_layout":"","_kad_post_sidebar_id":"","_kad_post_content_style":"","_kad_post_vertical_padding":"","_kad_post_feature":"","_kad_post_feature_position":"","_kad_post_header":false,"_kad_post_footer":false,"_kad_post_classname":"","footnotes":""},"class_list":["post-6105","page","type-page","status-publish","hentry"],"_links":{"self":[{"href":"https:\/\/bell-trade.de\/en\/wp-json\/wp\/v2\/pages\/6105","targetHints":{"allow":["GET"]}}],"collection":[{"href":"https:\/\/bell-trade.de\/en\/wp-json\/wp\/v2\/pages"}],"about":[{"href":"https:\/\/bell-trade.de\/en\/wp-json\/wp\/v2\/types\/page"}],"author":[{"embeddable":true,"href":"https:\/\/bell-trade.de\/en\/wp-json\/wp\/v2\/users\/1"}],"replies":[{"embeddable":true,"href":"https:\/\/bell-trade.de\/en\/wp-json\/wp\/v2\/comments?post=6105"}],"version-history":[{"count":1,"href":"https:\/\/bell-trade.de\/en\/wp-json\/wp\/v2\/pages\/6105\/revisions"}],"predecessor-version":[{"id":6106,"href":"https:\/\/bell-trade.de\/en\/wp-json\/wp\/v2\/pages\/6105\/revisions\/6106"}],"wp:attachment":[{"href":"https:\/\/bell-trade.de\/en\/wp-json\/wp\/v2\/media?parent=6105"}],"curies":[{"name":"wp","href":"https:\/\/api.w.org\/{rel}","templated":true}]}}